{"id":5122,"date":"2024-02-05T16:35:46","date_gmt":"2024-02-05T16:35:46","guid":{"rendered":"https:\/\/soccerstlpro.ca\/?page_id=5122"},"modified":"2024-02-05T17:40:46","modified_gmt":"2024-02-05T17:40:46","slug":"news","status":"publish","type":"page","link":"https:\/\/soccerstlpro.ca\/fr\/news\/","title":{"rendered":"News"},"content":{"rendered":"<div data-elementor-type=\"wp-page\" data-elementor-id=\"5122\" class=\"elementor elementor-5122\" data-elementor-post-type=\"page\">\n\t\t\t\t\t\t\t<div class=\"elementor-element elementor-element-54e9f18 e-flex e-con-boxed e-con e-parent\" data-id=\"54e9f18\" data-element_type=\"container\" data-settings=\"{&quot;background_background&quot;:&quot;classic&quot;,&quot;background_motion_fx_motion_fx_scrolling&quot;:&quot;yes&quot;,&quot;content_width&quot;:&quot;boxed&quot;,&quot;background_motion_fx_devices&quot;:[&quot;desktop&quot;,&quot;laptop&quot;,&quot;tablet&quot;,&quot;mobile&quot;]}\" data-core-v316-plus=\"true\">\n\t\t\t\t\t<div class=\"e-con-inner\">\n\t\t\t\t<div class=\"elementor-element elementor-element-d281f2e elementor-widget elementor-widget-heading\" data-id=\"d281f2e\" data-element_type=\"widget\" data-widget_type=\"heading.default\">\n\t\t\t\t<div class=\"elementor-widget-container\">\n\t\t\t<style>\/*! elementor - v3.16.0 - 20-09-2023 *\/\n.elementor-heading-title{padding:0;margin:0;line-height:1}.elementor-widget-heading .elementor-heading-title[class*=elementor-size-]>a{color:inherit;font-size:inherit;line-height:inherit}.elementor-widget-heading .elementor-heading-title.elementor-size-small{font-size:15px}.elementor-widget-heading .elementor-heading-title.elementor-size-medium{font-size:19px}.elementor-widget-heading .elementor-heading-title.elementor-size-large{font-size:29px}.elementor-widget-heading .elementor-heading-title.elementor-size-xl{font-size:39px}.elementor-widget-heading .elementor-heading-title.elementor-size-xxl{font-size:59px}<\/style><h3 class=\"elementor-heading-title elementor-size-default\">Nouvelles<\/h3>\t\t<\/div>\n\t\t\t\t<\/div>\n\t\t\t\t\t<\/div>\n\t\t\t\t<\/div>\n\t\t<div class=\"elementor-element elementor-element-095e731 e-flex e-con-boxed e-con e-parent\" data-id=\"095e731\" data-element_type=\"container\" data-settings=\"{&quot;content_width&quot;:&quot;boxed&quot;}\" data-core-v316-plus=\"true\">\n\t\t\t\t\t<div class=\"e-con-inner\">\n\t\t\t\t<div class=\"elementor-element elementor-element-ae44d53 elementor-grid-3 elementor-grid-tablet-2 elementor-grid-mobile-1 elementor-posts--thumbnail-top elementor-card-shadow-yes elementor-posts__hover-gradient elementor-widget elementor-widget-posts\" data-id=\"ae44d53\" data-element_type=\"widget\" data-settings=\"{&quot;pagination_type&quot;:&quot;numbers_and_prev_next&quot;,&quot;cards_columns&quot;:&quot;3&quot;,&quot;cards_columns_tablet&quot;:&quot;2&quot;,&quot;cards_columns_mobile&quot;:&quot;1&quot;,&quot;cards_row_gap&quot;:{&quot;unit&quot;:&quot;px&quot;,&quot;size&quot;:35,&quot;sizes&quot;:[]},&quot;cards_row_gap_laptop&quot;:{&quot;unit&quot;:&quot;px&quot;,&quot;size&quot;:&quot;&quot;,&quot;sizes&quot;:[]},&quot;cards_row_gap_tablet&quot;:{&quot;unit&quot;:&quot;px&quot;,&quot;size&quot;:&quot;&quot;,&quot;sizes&quot;:[]},&quot;cards_row_gap_mobile&quot;:{&quot;unit&quot;:&quot;px&quot;,&quot;size&quot;:&quot;&quot;,&quot;sizes&quot;:[]}}\" data-widget_type=\"posts.cards\">\n\t\t\t\t<div class=\"elementor-widget-container\">\n\t\t\t<link rel=\"stylesheet\" href=\"https:\/\/soccerstlpro.ca\/wp-content\/plugins\/elementor-pro\/assets\/css\/widget-posts.min.css\">\t\t<div class=\"elementor-posts-container elementor-posts elementor-posts--skin-cards elementor-grid\">\n\t\t\t\t<article class=\"elementor-post elementor-grid-item post-6225 post type-post status-publish format-standard has-post-thumbnail hentry category-uncategorized\">\n\t\t\t<div class=\"elementor-post__card\">\n\t\t\t\t<a class=\"elementor-post__thumbnail__link\" href=\"https:\/\/soccerstlpro.ca\/fr\/saint-laurent-welcomes-enrique-benavidez-ambitious-new-sporting-director-for-its-semi-professional-program\/\" tabindex=\"-1\" ><div class=\"elementor-post__thumbnail\"><img loading=\"lazy\" decoding=\"async\" width=\"300\" height=\"300\" src=\"https:\/\/soccerstlpro.ca\/wp-content\/uploads\/2024\/11\/collab-social-media-L1QC-2024-1-300x300.jpg\" class=\"attachment-medium size-medium wp-image-6228\" alt=\"\" srcset=\"https:\/\/soccerstlpro.ca\/wp-content\/uploads\/2024\/11\/collab-social-media-L1QC-2024-1-300x300.jpg 300w, https:\/\/soccerstlpro.ca\/wp-content\/uploads\/2024\/11\/collab-social-media-L1QC-2024-1-1024x1024.jpg 1024w, https:\/\/soccerstlpro.ca\/wp-content\/uploads\/2024\/11\/collab-social-media-L1QC-2024-1-150x150.jpg 150w, https:\/\/soccerstlpro.ca\/wp-content\/uploads\/2024\/11\/collab-social-media-L1QC-2024-1-768x768.jpg 768w, https:\/\/soccerstlpro.ca\/wp-content\/uploads\/2024\/11\/collab-social-media-L1QC-2024-1-12x12.jpg 12w, https:\/\/soccerstlpro.ca\/wp-content\/uploads\/2024\/11\/collab-social-media-L1QC-2024-1.jpg 1080w\" sizes=\"auto, (max-width: 300px) 100vw, 300px\" \/><\/div><\/a>\n\t\t\t\t<div class=\"elementor-post__text\">\n\t\t\t\t<h3 class=\"elementor-post__title\">\n\t\t\t<a href=\"https:\/\/soccerstlpro.ca\/fr\/saint-laurent-welcomes-enrique-benavidez-ambitious-new-sporting-director-for-its-semi-professional-program\/\" >\n\t\t\t\tSaint-Laurent accueille Enrique Benavidez, nouveau directeur sportif ambitieux pour son programme semi-professionnel\t\t\t<\/a>\n\t\t<\/h3>\n\t\t\t\t<div class=\"elementor-post__excerpt\">\n\t\t\t<p>Avec une vision claire et une d\u00e9termination in\u00e9branlable, Enrique Benavidez, nouveau directeur sportif du programme semi-professionnel masculin au Club Soccer Saint-Laurent, entame sa mission pour hisser l\u2019\u00e9quipe parmi les meilleures du Canada<\/p>\n\t\t<\/div>\n\t\t\n\t\t<a class=\"elementor-post__read-more\" href=\"https:\/\/soccerstlpro.ca\/fr\/saint-laurent-welcomes-enrique-benavidez-ambitious-new-sporting-director-for-its-semi-professional-program\/\" aria-label=\"Read more about Saint-Laurent Welcomes Enrique Benavidez, Ambitious New Sporting Director for Its Semi-Professional Program\" tabindex=\"-1\" >\n\t\t\tLire plus \u00bb\t\t<\/a>\n\n\t\t\t\t<\/div>\n\t\t\t\t\t<\/div>\n\t\t<\/article>\n\t\t\t\t<article class=\"elementor-post elementor-grid-item post-6221 post type-post status-publish format-standard has-post-thumbnail hentry category-uncategorized\">\n\t\t\t<div class=\"elementor-post__card\">\n\t\t\t\t<a class=\"elementor-post__thumbnail__link\" href=\"https:\/\/soccerstlpro.ca\/fr\/the-path-to-2025-begins-now\/\" tabindex=\"-1\" ><div class=\"elementor-post__thumbnail\"><img loading=\"lazy\" decoding=\"async\" width=\"300\" height=\"300\" src=\"https:\/\/soccerstlpro.ca\/wp-content\/uploads\/2024\/10\/BHP-media-300x300.jpg\" class=\"attachment-medium size-medium wp-image-6223\" alt=\"\" srcset=\"https:\/\/soccerstlpro.ca\/wp-content\/uploads\/2024\/10\/BHP-media-300x300.jpg 300w, https:\/\/soccerstlpro.ca\/wp-content\/uploads\/2024\/10\/BHP-media-1024x1024.jpg 1024w, https:\/\/soccerstlpro.ca\/wp-content\/uploads\/2024\/10\/BHP-media-150x150.jpg 150w, https:\/\/soccerstlpro.ca\/wp-content\/uploads\/2024\/10\/BHP-media-768x768.jpg 768w, https:\/\/soccerstlpro.ca\/wp-content\/uploads\/2024\/10\/BHP-media-1536x1536.jpg 1536w, https:\/\/soccerstlpro.ca\/wp-content\/uploads\/2024\/10\/BHP-media-12x12.jpg 12w, https:\/\/soccerstlpro.ca\/wp-content\/uploads\/2024\/10\/BHP-media.jpg 1920w\" sizes=\"auto, (max-width: 300px) 100vw, 300px\" \/><\/div><\/a>\n\t\t\t\t<div class=\"elementor-post__text\">\n\t\t\t\t<h3 class=\"elementor-post__title\">\n\t\t\t<a href=\"https:\/\/soccerstlpro.ca\/fr\/the-path-to-2025-begins-now\/\" >\n\t\t\t\tLa Route vers 2025 Commence Maintenant\t\t\t<\/a>\n\t\t<\/h3>\n\t\t\t\t<div class=\"elementor-post__excerpt\">\n\t\t\t<p>Alors que la saison 2024 touche \u00e0 sa fin, le CS Saint-Laurent se projette d\u00e9j\u00e0 vers l\u2019avenir avec enthousiasme pour une nouvelle ann\u00e9e prometteuse<\/p>\n\t\t<\/div>\n\t\t\n\t\t<a class=\"elementor-post__read-more\" href=\"https:\/\/soccerstlpro.ca\/fr\/the-path-to-2025-begins-now\/\" aria-label=\"Read more about The Path to 2025 Begins Now\" tabindex=\"-1\" >\n\t\t\tLire plus \u00bb\t\t<\/a>\n\n\t\t\t\t<\/div>\n\t\t\t\t\t<\/div>\n\t\t<\/article>\n\t\t\t\t<article class=\"elementor-post elementor-grid-item post-6164 post type-post status-publish format-standard has-post-thumbnail hentry category-uncategorized\">\n\t\t\t<div class=\"elementor-post__card\">\n\t\t\t\t<a class=\"elementor-post__thumbnail__link\" href=\"https:\/\/soccerstlpro.ca\/fr\/2024-summer-season-a-year-of-triumph-and-growth\/\" tabindex=\"-1\" ><div class=\"elementor-post__thumbnail\"><img loading=\"lazy\" decoding=\"async\" width=\"300\" height=\"200\" src=\"https:\/\/soccerstlpro.ca\/wp-content\/uploads\/2024\/10\/MOV21513-300x200.jpg\" class=\"attachment-medium size-medium wp-image-6165\" alt=\"\" srcset=\"https:\/\/soccerstlpro.ca\/wp-content\/uploads\/2024\/10\/MOV21513-300x200.jpg 300w, https:\/\/soccerstlpro.ca\/wp-content\/uploads\/2024\/10\/MOV21513-1024x683.jpg 1024w, https:\/\/soccerstlpro.ca\/wp-content\/uploads\/2024\/10\/MOV21513-768x512.jpg 768w, https:\/\/soccerstlpro.ca\/wp-content\/uploads\/2024\/10\/MOV21513-1536x1024.jpg 1536w, https:\/\/soccerstlpro.ca\/wp-content\/uploads\/2024\/10\/MOV21513-2048x1365.jpg 2048w, https:\/\/soccerstlpro.ca\/wp-content\/uploads\/2024\/10\/MOV21513-18x12.jpg 18w\" sizes=\"auto, (max-width: 300px) 100vw, 300px\" \/><\/div><\/a>\n\t\t\t\t<div class=\"elementor-post__text\">\n\t\t\t\t<h3 class=\"elementor-post__title\">\n\t\t\t<a href=\"https:\/\/soccerstlpro.ca\/fr\/2024-summer-season-a-year-of-triumph-and-growth\/\" >\n\t\t\t\tSaison estivale 2024 du CS Saint-Laurent : Une ann\u00e9e de triomphe et de croissance\t\t\t<\/a>\n\t\t<\/h3>\n\t\t\t\t<div class=\"elementor-post__excerpt\">\n\t\t\t<p>Saison estivale 2024 du CS Saint-Laurent : Une ann\u00e9e de triomphe et de croissance\n\nLa saison estivale 2024 restera dans l\u2019histoire<\/p>\n\t\t<\/div>\n\t\t\n\t\t<a class=\"elementor-post__read-more\" href=\"https:\/\/soccerstlpro.ca\/fr\/2024-summer-season-a-year-of-triumph-and-growth\/\" aria-label=\"Read more about 2024 Summer Season: A Year of Triumph and Growth\" tabindex=\"-1\" >\n\t\t\tLire plus \u00bb\t\t<\/a>\n\n\t\t\t\t<\/div>\n\t\t\t\t\t<\/div>\n\t\t<\/article>\n\t\t\t\t<article class=\"elementor-post elementor-grid-item post-5709 post type-post status-publish format-standard has-post-thumbnail hentry category-uncategorized\">\n\t\t\t<div class=\"elementor-post__card\">\n\t\t\t\t<a class=\"elementor-post__thumbnail__link\" href=\"https:\/\/soccerstlpro.ca\/fr\/montreal-derby-intense-final-between-cs-saint-laurent-and-csmro-at-bois-de-boulogne\/\" tabindex=\"-1\" ><div class=\"elementor-post__thumbnail\"><img loading=\"lazy\" decoding=\"async\" width=\"300\" height=\"200\" src=\"https:\/\/soccerstlpro.ca\/wp-content\/uploads\/2024\/09\/RWC_9904-300x200.jpg\" class=\"attachment-medium size-medium wp-image-5710\" alt=\"\" srcset=\"https:\/\/soccerstlpro.ca\/wp-content\/uploads\/2024\/09\/RWC_9904-300x200.jpg 300w, https:\/\/soccerstlpro.ca\/wp-content\/uploads\/2024\/09\/RWC_9904-1024x683.jpg 1024w, https:\/\/soccerstlpro.ca\/wp-content\/uploads\/2024\/09\/RWC_9904-768x512.jpg 768w, https:\/\/soccerstlpro.ca\/wp-content\/uploads\/2024\/09\/RWC_9904-1536x1024.jpg 1536w, https:\/\/soccerstlpro.ca\/wp-content\/uploads\/2024\/09\/RWC_9904-2048x1365.jpg 2048w, https:\/\/soccerstlpro.ca\/wp-content\/uploads\/2024\/09\/RWC_9904-18x12.jpg 18w\" sizes=\"auto, (max-width: 300px) 100vw, 300px\" \/><\/div><\/a>\n\t\t\t\t<div class=\"elementor-post__text\">\n\t\t\t\t<h3 class=\"elementor-post__title\">\n\t\t\t<a href=\"https:\/\/soccerstlpro.ca\/fr\/montreal-derby-intense-final-between-cs-saint-laurent-and-csmro-at-bois-de-boulogne\/\" >\n\t\t\t\tDerby de Montr\u00e9al : Finale Intense entre CS Saint-Laurent et CSMRO \u00e0 Bois de Boulogne\t\t\t<\/a>\n\t\t<\/h3>\n\t\t\t\t<div class=\"elementor-post__excerpt\">\n\t\t\t<p>Today, Sunday, September 29th at 3:00 PM, the Montreal Derby is set to ignite the field at Bois de Boulogne as CS Saint-Laurent takes on<\/p>\n\t\t<\/div>\n\t\t\n\t\t<a class=\"elementor-post__read-more\" href=\"https:\/\/soccerstlpro.ca\/fr\/montreal-derby-intense-final-between-cs-saint-laurent-and-csmro-at-bois-de-boulogne\/\" aria-label=\"Read more about Montreal Derby: Intense Final Between CS Saint-Laurent and CSMRO at Bois de Boulogne\" tabindex=\"-1\" >\n\t\t\tLire plus \u00bb\t\t<\/a>\n\n\t\t\t\t<\/div>\n\t\t\t\t\t<\/div>\n\t\t<\/article>\n\t\t\t\t<article class=\"elementor-post elementor-grid-item post-5705 post type-post status-publish format-standard has-post-thumbnail hentry category-uncategorized tag-cpl tag-news tag-press-release tag-soccercanada\">\n\t\t\t<div class=\"elementor-post__card\">\n\t\t\t\t<a class=\"elementor-post__thumbnail__link\" href=\"https:\/\/soccerstlpro.ca\/fr\/response-to-recent-media-reports\/\" tabindex=\"-1\" ><div class=\"elementor-post__thumbnail\"><img loading=\"lazy\" decoding=\"async\" width=\"300\" height=\"169\" src=\"https:\/\/soccerstlpro.ca\/wp-content\/uploads\/2024\/09\/Presentation-Galacticos-300x169.jpg\" class=\"attachment-medium size-medium wp-image-5707\" alt=\"\" srcset=\"https:\/\/soccerstlpro.ca\/wp-content\/uploads\/2024\/09\/Presentation-Galacticos-300x169.jpg 300w, https:\/\/soccerstlpro.ca\/wp-content\/uploads\/2024\/09\/Presentation-Galacticos-1024x576.jpg 1024w, https:\/\/soccerstlpro.ca\/wp-content\/uploads\/2024\/09\/Presentation-Galacticos-768x432.jpg 768w, https:\/\/soccerstlpro.ca\/wp-content\/uploads\/2024\/09\/Presentation-Galacticos-1536x864.jpg 1536w, https:\/\/soccerstlpro.ca\/wp-content\/uploads\/2024\/09\/Presentation-Galacticos-2048x1152.jpg 2048w, https:\/\/soccerstlpro.ca\/wp-content\/uploads\/2024\/09\/Presentation-Galacticos-18x10.jpg 18w\" sizes=\"auto, (max-width: 300px) 100vw, 300px\" \/><\/div><\/a>\n\t\t\t\t<div class=\"elementor-post__text\">\n\t\t\t\t<h3 class=\"elementor-post__title\">\n\t\t\t<a href=\"https:\/\/soccerstlpro.ca\/fr\/response-to-recent-media-reports\/\" >\n\t\t\t\tR\u00e9ponse aux r\u00e9cents rapports m\u00e9diatiques\t\t\t<\/a>\n\t\t<\/h3>\n\t\t\t\t<div class=\"elementor-post__excerpt\">\n\t\t\t<p>For Immediate Release CS Saint-Laurent Denies Involvement in CPL Expansion Negotiations Montreal, QC \u2013 In response to recent media reports suggesting that CS Saint-Laurent was<\/p>\n\t\t<\/div>\n\t\t\n\t\t<a class=\"elementor-post__read-more\" href=\"https:\/\/soccerstlpro.ca\/fr\/response-to-recent-media-reports\/\" aria-label=\"Read more about Response to Recent Media Reports\" tabindex=\"-1\" >\n\t\t\tLire plus \u00bb\t\t<\/a>\n\n\t\t\t\t<\/div>\n\t\t\t\t\t<\/div>\n\t\t<\/article>\n\t\t\t\t<article class=\"elementor-post elementor-grid-item post-5552 post type-post status-publish format-standard has-post-thumbnail hentry category-uncategorized\">\n\t\t\t<div class=\"elementor-post__card\">\n\t\t\t\t<a class=\"elementor-post__thumbnail__link\" href=\"https:\/\/soccerstlpro.ca\/fr\/youth-turn-for-the-reserve-team\/\" tabindex=\"-1\" ><div class=\"elementor-post__thumbnail\"><img loading=\"lazy\" decoding=\"async\" width=\"300\" height=\"169\" src=\"https:\/\/soccerstlpro.ca\/wp-content\/uploads\/2024\/07\/GalacticosProject-300x169.jpg\" class=\"attachment-medium size-medium wp-image-5554\" alt=\"\" srcset=\"https:\/\/soccerstlpro.ca\/wp-content\/uploads\/2024\/07\/GalacticosProject-300x169.jpg 300w, https:\/\/soccerstlpro.ca\/wp-content\/uploads\/2024\/07\/GalacticosProject-1024x576.jpg 1024w, https:\/\/soccerstlpro.ca\/wp-content\/uploads\/2024\/07\/GalacticosProject-768x432.jpg 768w, https:\/\/soccerstlpro.ca\/wp-content\/uploads\/2024\/07\/GalacticosProject-1536x864.jpg 1536w, https:\/\/soccerstlpro.ca\/wp-content\/uploads\/2024\/07\/GalacticosProject-2048x1152.jpg 2048w, https:\/\/soccerstlpro.ca\/wp-content\/uploads\/2024\/07\/GalacticosProject-18x10.jpg 18w\" sizes=\"auto, (max-width: 300px) 100vw, 300px\" \/><\/div><\/a>\n\t\t\t\t<div class=\"elementor-post__text\">\n\t\t\t\t<h3 class=\"elementor-post__title\">\n\t\t\t<a href=\"https:\/\/soccerstlpro.ca\/fr\/youth-turn-for-the-reserve-team\/\" >\n\t\t\t\tVirage Jeunesse pour l\u2019\u00e9quipe r\u00e9serve\t\t\t<\/a>\n\t\t<\/h3>\n\t\t\t\t<div class=\"elementor-post__excerpt\">\n\t\t\t<p>Following two successful seasons in terms of results, the club has decided to shift its objectives to focus exclusively on developing the best young players<\/p>\n\t\t<\/div>\n\t\t\n\t\t<a class=\"elementor-post__read-more\" href=\"https:\/\/soccerstlpro.ca\/fr\/youth-turn-for-the-reserve-team\/\" aria-label=\"Read more about Youth Turn for the Reserve Team\" tabindex=\"-1\" >\n\t\t\tLire plus \u00bb\t\t<\/a>\n\n\t\t\t\t<\/div>\n\t\t\t\t\t<\/div>\n\t\t<\/article>\n\t\t\t\t<article class=\"elementor-post elementor-grid-item post-5482 post type-post status-publish format-standard has-post-thumbnail hentry category-uncategorized tag-l1qc tag-quebecsoccer tag-season24\">\n\t\t\t<div class=\"elementor-post__card\">\n\t\t\t\t<a class=\"elementor-post__thumbnail__link\" href=\"https:\/\/soccerstlpro.ca\/fr\/the-dawn-of-a-new-era\/\" tabindex=\"-1\" ><div class=\"elementor-post__thumbnail\"><img loading=\"lazy\" decoding=\"async\" width=\"300\" height=\"169\" src=\"https:\/\/soccerstlpro.ca\/wp-content\/uploads\/2024\/07\/New-era-300x169.jpg\" class=\"attachment-medium size-medium wp-image-5483\" alt=\"\" srcset=\"https:\/\/soccerstlpro.ca\/wp-content\/uploads\/2024\/07\/New-era-300x169.jpg 300w, https:\/\/soccerstlpro.ca\/wp-content\/uploads\/2024\/07\/New-era-1024x576.jpg 1024w, https:\/\/soccerstlpro.ca\/wp-content\/uploads\/2024\/07\/New-era-768x432.jpg 768w, https:\/\/soccerstlpro.ca\/wp-content\/uploads\/2024\/07\/New-era-1536x864.jpg 1536w, https:\/\/soccerstlpro.ca\/wp-content\/uploads\/2024\/07\/New-era-2048x1152.jpg 2048w, https:\/\/soccerstlpro.ca\/wp-content\/uploads\/2024\/07\/New-era-18x10.jpg 18w\" sizes=\"auto, (max-width: 300px) 100vw, 300px\" \/><\/div><\/a>\n\t\t\t\t<div class=\"elementor-post__text\">\n\t\t\t\t<h3 class=\"elementor-post__title\">\n\t\t\t<a href=\"https:\/\/soccerstlpro.ca\/fr\/the-dawn-of-a-new-era\/\" >\n\t\t\t\tL'Aube d'une Nouvelle \u00c8re\t\t\t<\/a>\n\t\t<\/h3>\n\t\t\t\t<div class=\"elementor-post__excerpt\">\n\t\t\t<p>Apr\u00e8s une saison mouvement\u00e9e et pleine d'\u00e9motions, marqu\u00e9e par des d\u00e9fis et des opportunit\u00e9s, l'\u00e9quipe semipro de Saint-Laurent SC est pr\u00eate \u00e0 se battre jusqu'au bout. Actuellement<\/p>\n\t\t<\/div>\n\t\t\n\t\t<a class=\"elementor-post__read-more\" href=\"https:\/\/soccerstlpro.ca\/fr\/the-dawn-of-a-new-era\/\" aria-label=\"Read more about The Dawn of a New Era\" tabindex=\"-1\" >\n\t\t\tLire plus \u00bb\t\t<\/a>\n\n\t\t\t\t<\/div>\n\t\t\t\t\t<\/div>\n\t\t<\/article>\n\t\t\t\t<article class=\"elementor-post elementor-grid-item post-5476 post type-post status-publish format-standard has-post-thumbnail hentry category-uncategorized tag-canadasoccer tag-cpl tag-halifax tag-trade tag-wandereres\">\n\t\t\t<div class=\"elementor-post__card\">\n\t\t\t\t<a class=\"elementor-post__thumbnail__link\" href=\"https:\/\/soccerstlpro.ca\/fr\/jefferson-alphonse-joins-halifax-wanderers-a-new-chapter-for-club-saint-laurent\/\" tabindex=\"-1\" ><div class=\"elementor-post__thumbnail\"><img loading=\"lazy\" decoding=\"async\" width=\"300\" height=\"169\" src=\"https:\/\/soccerstlpro.ca\/wp-content\/uploads\/2024\/06\/Gouverneur-L1QC-1-300x169.jpg\" class=\"attachment-medium size-medium wp-image-5477\" alt=\"\" srcset=\"https:\/\/soccerstlpro.ca\/wp-content\/uploads\/2024\/06\/Gouverneur-L1QC-1-300x169.jpg 300w, https:\/\/soccerstlpro.ca\/wp-content\/uploads\/2024\/06\/Gouverneur-L1QC-1-1024x576.jpg 1024w, https:\/\/soccerstlpro.ca\/wp-content\/uploads\/2024\/06\/Gouverneur-L1QC-1-768x432.jpg 768w, https:\/\/soccerstlpro.ca\/wp-content\/uploads\/2024\/06\/Gouverneur-L1QC-1-1536x864.jpg 1536w, https:\/\/soccerstlpro.ca\/wp-content\/uploads\/2024\/06\/Gouverneur-L1QC-1-2048x1152.jpg 2048w, https:\/\/soccerstlpro.ca\/wp-content\/uploads\/2024\/06\/Gouverneur-L1QC-1-18x10.jpg 18w\" sizes=\"auto, (max-width: 300px) 100vw, 300px\" \/><\/div><\/a>\n\t\t\t\t<div class=\"elementor-post__text\">\n\t\t\t\t<h3 class=\"elementor-post__title\">\n\t\t\t<a href=\"https:\/\/soccerstlpro.ca\/fr\/jefferson-alphonse-joins-halifax-wanderers-a-new-chapter-for-club-saint-laurent\/\" >\n\t\t\t\tJefferson Alphonse rejoint les Halifax Wanderers : Un Nouveau Chapitre pour le Club Saint-Laurent\t\t\t<\/a>\n\t\t<\/h3>\n\t\t\t\t<div class=\"elementor-post__excerpt\">\n\t\t\t<p>Jefferson Alphonse Joins Halifax Wanderers: A New Chapter for Club Saint-Laurent Club Saint-Laurent continues to make waves with another significant professional signing. Following in the<\/p>\n\t\t<\/div>\n\t\t\n\t\t<a class=\"elementor-post__read-more\" href=\"https:\/\/soccerstlpro.ca\/fr\/jefferson-alphonse-joins-halifax-wanderers-a-new-chapter-for-club-saint-laurent\/\" aria-label=\"Read more about Jefferson Alphonse Joins Halifax Wanderers: A New Chapter for Club Saint-Laurent\" tabindex=\"-1\" >\n\t\t\tLire plus \u00bb\t\t<\/a>\n\n\t\t\t\t<\/div>\n\t\t\t\t\t<\/div>\n\t\t<\/article>\n\t\t\t\t<article class=\"elementor-post elementor-grid-item post-5467 post type-post status-publish format-standard has-post-thumbnail hentry category-uncategorized tag-cpl tag-soccercanada tag-trade\">\n\t\t\t<div class=\"elementor-post__card\">\n\t\t\t\t<a class=\"elementor-post__thumbnail__link\" href=\"https:\/\/soccerstlpro.ca\/fr\/loic-kwemi-and-safwane-mlah-sign-professional-contracts-with-valour-fc-a-major-step-for-club-saint-laurent\/\" tabindex=\"-1\" ><div class=\"elementor-post__thumbnail\"><img loading=\"lazy\" decoding=\"async\" width=\"300\" height=\"169\" src=\"https:\/\/soccerstlpro.ca\/wp-content\/uploads\/2024\/06\/Gouverneur-L1QC-300x169.jpg\" class=\"attachment-medium size-medium wp-image-5469\" alt=\"\" srcset=\"https:\/\/soccerstlpro.ca\/wp-content\/uploads\/2024\/06\/Gouverneur-L1QC-300x169.jpg 300w, https:\/\/soccerstlpro.ca\/wp-content\/uploads\/2024\/06\/Gouverneur-L1QC-1024x576.jpg 1024w, https:\/\/soccerstlpro.ca\/wp-content\/uploads\/2024\/06\/Gouverneur-L1QC-768x432.jpg 768w, https:\/\/soccerstlpro.ca\/wp-content\/uploads\/2024\/06\/Gouverneur-L1QC-1536x864.jpg 1536w, https:\/\/soccerstlpro.ca\/wp-content\/uploads\/2024\/06\/Gouverneur-L1QC-2048x1152.jpg 2048w, https:\/\/soccerstlpro.ca\/wp-content\/uploads\/2024\/06\/Gouverneur-L1QC-18x10.jpg 18w\" sizes=\"auto, (max-width: 300px) 100vw, 300px\" \/><\/div><\/a>\n\t\t\t\t<div class=\"elementor-post__text\">\n\t\t\t\t<h3 class=\"elementor-post__title\">\n\t\t\t<a href=\"https:\/\/soccerstlpro.ca\/fr\/loic-kwemi-and-safwane-mlah-sign-professional-contracts-with-valour-fc-a-major-step-for-club-saint-laurent\/\" >\n\t\t\t\tLoic Kwemi et Safwane Mlah signent professionnel avec Valour FC : Un grand pas pour le club Saint-Laurent\t\t\t<\/a>\n\t\t<\/h3>\n\t\t\t\t<div class=\"elementor-post__excerpt\">\n\t\t\t<p>Club Saint-Laurent celebrates a historic moment with the signing of Loic Kwemi and Safwane Mlah, two esteemed forwards, who are joining Valour FC in Winnipeg<\/p>\n\t\t<\/div>\n\t\t\n\t\t<a class=\"elementor-post__read-more\" href=\"https:\/\/soccerstlpro.ca\/fr\/loic-kwemi-and-safwane-mlah-sign-professional-contracts-with-valour-fc-a-major-step-for-club-saint-laurent\/\" aria-label=\"Read more about Loic Kwemi and Safwane Mlah Sign Professional Contracts with Valour FC: A Major Step for Club Saint-Laurent\" tabindex=\"-1\" >\n\t\t\tLire plus \u00bb\t\t<\/a>\n\n\t\t\t\t<\/div>\n\t\t\t\t\t<\/div>\n\t\t<\/article>\n\t\t\t\t<\/div>\n\t\t\n\t\t\t\t<div class=\"e-load-more-anchor\" data-page=\"1\" data-max-page=\"3\" data-next-page=\"https:\/\/soccerstlpro.ca\/fr\/wp-json\/wp\/v2\/pages\/5122\/page\/2\/\"><\/div>\n\t\t\t\t<nav class=\"elementor-pagination\" aria-label=\"Pagination\">\n\t\t\t<span class=\"page-numbers prev\">\u00ab Pr\u00e9c\u00e9dent<\/span>\n<span aria-current=\"page\" class=\"page-numbers current\"><span class=\"elementor-screen-only\">Page<\/span>1<\/span>\n<a class=\"page-numbers\" href=\"https:\/\/soccerstlpro.ca\/fr\/wp-json\/wp\/v2\/pages\/5122\/page\/2\/\"><span class=\"elementor-screen-only\">Page<\/span>2<\/a>\n<a class=\"page-numbers\" href=\"https:\/\/soccerstlpro.ca\/fr\/wp-json\/wp\/v2\/pages\/5122\/page\/3\/\"><span class=\"elementor-screen-only\">Page<\/span>3<\/a>\n<a class=\"page-numbers next\" href=\"https:\/\/soccerstlpro.ca\/fr\/wp-json\/wp\/v2\/pages\/5122\/page\/2\/\">Prochain \u00bb<\/a>\t\t<\/nav>\n\t\t\t\t<\/div>\n\t\t\t\t<\/div>\n\t\t\t\t\t<\/div>\n\t\t\t\t<\/div>\n\t\t\t\t\t\t\t<\/div>","protected":false},"excerpt":{"rendered":"<p>Nouvelles<\/p>","protected":false},"author":1,"featured_media":0,"parent":0,"menu_order":0,"comment_status":"closed","ping_status":"closed","template":"","meta":{"footnotes":""},"class_list":["post-5122","page","type-page","status-publish","hentry"],"acf":[],"_links":{"self":[{"href":"https:\/\/soccerstlpro.ca\/fr\/wp-json\/wp\/v2\/pages\/5122","targetHints":{"allow":["GET"]}}],"collection":[{"href":"https:\/\/soccerstlpro.ca\/fr\/wp-json\/wp\/v2\/pages"}],"about":[{"href":"https:\/\/soccerstlpro.ca\/fr\/wp-json\/wp\/v2\/types\/page"}],"author":[{"embeddable":true,"href":"https:\/\/soccerstlpro.ca\/fr\/wp-json\/wp\/v2\/users\/1"}],"replies":[{"embeddable":true,"href":"https:\/\/soccerstlpro.ca\/fr\/wp-json\/wp\/v2\/comments?post=5122"}],"version-history":[{"count":22,"href":"https:\/\/soccerstlpro.ca\/fr\/wp-json\/wp\/v2\/pages\/5122\/revisions"}],"predecessor-version":[{"id":5157,"href":"https:\/\/soccerstlpro.ca\/fr\/wp-json\/wp\/v2\/pages\/5122\/revisions\/5157"}],"wp:attachment":[{"href":"https:\/\/soccerstlpro.ca\/fr\/wp-json\/wp\/v2\/media?parent=5122"}],"curies":[{"name":"wp","href":"https:\/\/api.w.org\/{rel}","templated":true}]}}